{"id":474,"date":"2023-01-12T18:55:57","date_gmt":"2023-01-12T18:55:57","guid":{"rendered":"https:\/\/www.kreabau.hu\/?page_id=474"},"modified":"2023-01-12T21:14:39","modified_gmt":"2023-01-12T21:14:39","slug":"csaladi-haz-obudan","status":"publish","type":"page","link":"https:\/\/www.kreabau.hu\/","title":{"rendered":"Elad\u00f3 csal\u00e1di h\u00e1z \u00d3bud\u00e1n \/ Family house for sale in \u00d3buda"},"content":{"rendered":"\n<figure class=\"is-layout-flex wp-block-gallery-1 wp-block-gallery has-nested-images columns-default is-cropped\">\n<figure class=\"wp-block-image size-large\"><a href=\"https:\/\/www.kreabau.hu\/?page_id=6\"><img decoding=\"async\" loading=\"lazy\" width=\"497\" height=\"247\" data-id=\"494\"  src=\"https:\/\/www.kreabau.hu\/wp-content\/uploads\/2023\/01\/magyar_.jpg\" alt=\"\" class=\"wp-image-494\" srcset=\"https:\/\/www.kreabau.hu\/wp-content\/uploads\/2023\/01\/magyar_.jpg 497w, https:\/\/www.kreabau.hu\/wp-content\/uploads\/2023\/01\/magyar_-300x149.jpg 300w\" sizes=\"(max-width: 497px) 100vw, 497px\" \/><\/a><figcaption class=\"wp-element-caption\">Kattintson a z\u00e1szl\u00f3ra a r\u00e9szletek\u00e9rt (magyarul)!<\/figcaption><\/figure>\n\n\n\n<figure class=\"wp-block-image size-large\"><a href=\"https:\/\/www.kreabau.hu\/?page_id=378\"><img decoding=\"async\" loading=\"lazy\" width=\"497\" height=\"247\" data-id=\"493\"  src=\"https:\/\/www.kreabau.hu\/wp-content\/uploads\/2023\/01\/angol_.jpg\" alt=\"\" class=\"wp-image-493\" srcset=\"https:\/\/www.kreabau.hu\/wp-content\/uploads\/2023\/01\/angol_.jpg 497w, https:\/\/www.kreabau.hu\/wp-content\/uploads\/2023\/01\/angol_-300x149.jpg 300w\" sizes=\"(max-width: 497px) 100vw, 497px\" \/><\/a><figcaption class=\"wp-element-caption\">Click the flag icon for details (in English)!<\/figcaption><\/figure>\n<\/figure>\n\n\n\n<p><\/p>\n","protected":false},"excerpt":{"rendered":"","protected":false},"author":2,"featured_media":311,"parent":0,"menu_order":0,"comment_status":"closed","ping_status":"closed","template":"","meta":[],"yoast_head":"<!-- This site is optimized with the Yoast SEO plugin v20.5 - https:\/\/yoast.com\/wordpress\/plugins\/seo\/ -->\n<title>csal\u00e1di h\u00e1z \u00d3bud\u00e1n. unique family residence from the owners<\/title>\n<meta name=\"description\" content=\"elad\u00f3 eleg\u00e1ns, reprezentat\u00edv, gazdas\u00e1gosan \u00fczemeltethet\u0151, medenc\u00e9s csal\u00e1di h\u00e1z \u00d3bud\u00e1n korrekt \u00e1ron a tulajdonosokt\u00f3l.\" \/>\n<meta name=\"robots\" content=\"index, follow, max-snippet:-1, max-image-preview:large, max-video-preview:-1\" \/>\n<link rel=\"canonical\" href=\"https:\/\/www.kreabau.hu\/\" \/>\n<meta property=\"og:locale\" content=\"hu_HU\" \/>\n<meta property=\"og:type\" content=\"article\" \/>\n<meta property=\"og:title\" content=\"Megv\u00e1s\u00e1rolhat\u00f3 csal\u00e1di h\u00e1z \u00d3bud\u00e1n \/ AVAILABLE FOR PURCHASE!\" \/>\n<meta property=\"og:description\" content=\"Reprezentat\u00edv, \u00fasz\u00f3medenc\u00e9s, 380 nm-es, \u00f3budai csal\u00e1di h\u00e1z korrekt \u00e1ron k\u00f6zvetlen\u00fcl a tulajdonosokt\u00f3l megv\u00e1s\u00e1rolhat\u00f3! R\u00e9szletek: m\u0171szaki tartalom, sok fot\u00f3, vide\u00f3 \u00e9s 3D t\u00fara.\" \/>\n<meta property=\"og:url\" content=\"https:\/\/www.kreabau.hu\/\" \/>\n<meta property=\"og:site_name\" content=\"Elad\u00f3\/Sale\" \/>\n<meta property=\"article:modified_time\" content=\"2023-01-12T21:14:39+00:00\" \/>\n<meta property=\"og:image\" content=\"https:\/\/www.kreabau.hu\/wp-content\/uploads\/2023\/01\/1-19.jpg\" \/>\n\t<meta property=\"og:image:width\" content=\"1200\" \/>\n\t<meta property=\"og:image:height\" content=\"675\" \/>\n\t<meta property=\"og:image:type\" content=\"image\/jpeg\" \/>\n<meta name=\"twitter:card\" content=\"summary_large_image\" \/>\n<meta name=\"twitter:label1\" content=\"Becs\u00fclt olvas\u00e1si id\u0151\" \/>\n\t<meta name=\"twitter:data1\" content=\"1 perc\" \/>\n<script type=\"application\/ld+json\" class=\"yoast-schema-graph\">{\"@context\":\"https:\/\/schema.org\",\"@graph\":[{\"@type\":\"WebPage\",\"@id\":\"https:\/\/www.kreabau.hu\/\",\"url\":\"https:\/\/www.kreabau.hu\/\",\"name\":\"csal\u00e1di h\u00e1z \u00d3bud\u00e1n. unique family residence from the owners\",\"isPartOf\":{\"@id\":\"https:\/\/www.kreabau.hu\/#website\"},\"datePublished\":\"2023-01-12T18:55:57+00:00\",\"dateModified\":\"2023-01-12T21:14:39+00:00\",\"description\":\"elad\u00f3 eleg\u00e1ns, reprezentat\u00edv, gazdas\u00e1gosan \u00fczemeltethet\u0151, medenc\u00e9s csal\u00e1di h\u00e1z \u00d3bud\u00e1n korrekt \u00e1ron a tulajdonosokt\u00f3l.\",\"breadcrumb\":{\"@id\":\"https:\/\/www.kreabau.hu\/#breadcrumb\"},\"inLanguage\":\"hu\",\"potentialAction\":[{\"@type\":\"ReadAction\",\"target\":[\"https:\/\/www.kreabau.hu\/\"]}]},{\"@type\":\"BreadcrumbList\",\"@id\":\"https:\/\/www.kreabau.hu\/#breadcrumb\",\"itemListElement\":[{\"@type\":\"ListItem\",\"position\":1,\"name\":\"Kezd\u0151lap\",\"item\":\"https:\/\/www.kreabau.hu\/\"},{\"@type\":\"ListItem\",\"position\":2,\"name\":\"Elad\u00f3 csal\u00e1di h\u00e1z \u00d3bud\u00e1n \/ Family house for sale in \u00d3buda\"}]},{\"@type\":\"WebSite\",\"@id\":\"https:\/\/www.kreabau.hu\/#website\",\"url\":\"https:\/\/www.kreabau.hu\/\",\"name\":\"Elad\u00f3\/Sale\",\"description\":\"Budapest III. ker\u00fclet, P\u00e9terhegy - Hajl\u00e9kos utca 8.\",\"potentialAction\":[{\"@type\":\"SearchAction\",\"target\":{\"@type\":\"EntryPoint\",\"urlTemplate\":\"https:\/\/www.kreabau.hu\/?s={search_term_string}\"},\"query-input\":\"required name=search_term_string\"}],\"inLanguage\":\"hu\"},{\"@type\":\"Person\",\"@id\":\"https:\/\/www.kreabau.hu\/#\/schema\/person\/4d3c33315b83469894e26fc8d4af8bc1\",\"name\":\"Kvassay Barbara\",\"image\":{\"@type\":\"ImageObject\",\"inLanguage\":\"hu\",\"@id\":\"https:\/\/www.kreabau.hu\/#\/schema\/person\/image\/\",\"url\":\"https:\/\/secure.gravatar.com\/avatar\/e8b7e0c24a26e3502e81c1a3493da674?s=96&d=mm&r=g\",\"contentUrl\":\"https:\/\/secure.gravatar.com\/avatar\/e8b7e0c24a26e3502e81c1a3493da674?s=96&d=mm&r=g\",\"caption\":\"Kvassay Barbara\"},\"url\":\"https:\/\/www.kreabau.hu\/?author=2\"}]}<\/script>\n<!-- \/ Yoast SEO plugin. -->","yoast_head_json":{"title":"csal\u00e1di h\u00e1z \u00d3bud\u00e1n. unique family residence from the owners","description":"elad\u00f3 eleg\u00e1ns, reprezentat\u00edv, gazdas\u00e1gosan \u00fczemeltethet\u0151, medenc\u00e9s csal\u00e1di h\u00e1z \u00d3bud\u00e1n korrekt \u00e1ron a tulajdonosokt\u00f3l.","robots":{"index":"index","follow":"follow","max-snippet":"max-snippet:-1","max-image-preview":"max-image-preview:large","max-video-preview":"max-video-preview:-1"},"canonical":"https:\/\/www.kreabau.hu\/","og_locale":"hu_HU","og_type":"article","og_title":"Megv\u00e1s\u00e1rolhat\u00f3 csal\u00e1di h\u00e1z \u00d3bud\u00e1n \/ AVAILABLE FOR PURCHASE!","og_description":"Reprezentat\u00edv, \u00fasz\u00f3medenc\u00e9s, 380 nm-es, \u00f3budai csal\u00e1di h\u00e1z korrekt \u00e1ron k\u00f6zvetlen\u00fcl a tulajdonosokt\u00f3l megv\u00e1s\u00e1rolhat\u00f3! R\u00e9szletek: m\u0171szaki tartalom, sok fot\u00f3, vide\u00f3 \u00e9s 3D t\u00fara.","og_url":"https:\/\/www.kreabau.hu\/","og_site_name":"Elad\u00f3\/Sale","article_modified_time":"2023-01-12T21:14:39+00:00","og_image":[{"width":1200,"height":675,"url":"https:\/\/www.kreabau.hu\/wp-content\/uploads\/2023\/01\/1-19.jpg","type":"image\/jpeg"}],"twitter_card":"summary_large_image","twitter_misc":{"Becs\u00fclt olvas\u00e1si id\u0151":"1 perc"},"schema":{"@context":"https:\/\/schema.org","@graph":[{"@type":"WebPage","@id":"https:\/\/www.kreabau.hu\/","url":"https:\/\/www.kreabau.hu\/","name":"csal\u00e1di h\u00e1z \u00d3bud\u00e1n. unique family residence from the owners","isPartOf":{"@id":"https:\/\/www.kreabau.hu\/#website"},"datePublished":"2023-01-12T18:55:57+00:00","dateModified":"2023-01-12T21:14:39+00:00","description":"elad\u00f3 eleg\u00e1ns, reprezentat\u00edv, gazdas\u00e1gosan \u00fczemeltethet\u0151, medenc\u00e9s csal\u00e1di h\u00e1z \u00d3bud\u00e1n korrekt \u00e1ron a tulajdonosokt\u00f3l.","breadcrumb":{"@id":"https:\/\/www.kreabau.hu\/#breadcrumb"},"inLanguage":"hu","potentialAction":[{"@type":"ReadAction","target":["https:\/\/www.kreabau.hu\/"]}]},{"@type":"BreadcrumbList","@id":"https:\/\/www.kreabau.hu\/#breadcrumb","itemListElement":[{"@type":"ListItem","position":1,"name":"Kezd\u0151lap","item":"https:\/\/www.kreabau.hu\/"},{"@type":"ListItem","position":2,"name":"Elad\u00f3 csal\u00e1di h\u00e1z \u00d3bud\u00e1n \/ Family house for sale in \u00d3buda"}]},{"@type":"WebSite","@id":"https:\/\/www.kreabau.hu\/#website","url":"https:\/\/www.kreabau.hu\/","name":"Elad\u00f3\/Sale","description":"Budapest III. ker\u00fclet, P\u00e9terhegy - Hajl\u00e9kos utca 8.","potentialAction":[{"@type":"SearchAction","target":{"@type":"EntryPoint","urlTemplate":"https:\/\/www.kreabau.hu\/?s={search_term_string}"},"query-input":"required name=search_term_string"}],"inLanguage":"hu"},{"@type":"Person","@id":"https:\/\/www.kreabau.hu\/#\/schema\/person\/4d3c33315b83469894e26fc8d4af8bc1","name":"Kvassay Barbara","image":{"@type":"ImageObject","inLanguage":"hu","@id":"https:\/\/www.kreabau.hu\/#\/schema\/person\/image\/","url":"https:\/\/secure.gravatar.com\/avatar\/e8b7e0c24a26e3502e81c1a3493da674?s=96&d=mm&r=g","contentUrl":"https:\/\/secure.gravatar.com\/avatar\/e8b7e0c24a26e3502e81c1a3493da674?s=96&d=mm&r=g","caption":"Kvassay Barbara"},"url":"https:\/\/www.kreabau.hu\/?author=2"}]}},"_links":{"self":[{"href":"https:\/\/www.kreabau.hu\/index.php?rest_route=\/wp\/v2\/pages\/474"}],"collection":[{"href":"https:\/\/www.kreabau.hu\/index.php?rest_route=\/wp\/v2\/pages"}],"about":[{"href":"https:\/\/www.kreabau.hu\/index.php?rest_route=\/wp\/v2\/types\/page"}],"author":[{"embeddable":true,"href":"https:\/\/www.kreabau.hu\/index.php?rest_route=\/wp\/v2\/users\/2"}],"replies":[{"embeddable":true,"href":"https:\/\/www.kreabau.hu\/index.php?rest_route=%2Fwp%2Fv2%2Fcomments&post=474"}],"version-history":[{"count":20,"href":"https:\/\/www.kreabau.hu\/index.php?rest_route=\/wp\/v2\/pages\/474\/revisions"}],"predecessor-version":[{"id":514,"href":"https:\/\/www.kreabau.hu\/index.php?rest_route=\/wp\/v2\/pages\/474\/revisions\/514"}],"wp:featuredmedia":[{"embeddable":true,"href":"https:\/\/www.kreabau.hu\/index.php?rest_route=\/wp\/v2\/media\/311"}],"wp:attachment":[{"href":"https:\/\/www.kreabau.hu\/index.php?rest_route=%2Fwp%2Fv2%2Fmedia&parent=474"}],"curies":[{"name":"wp","href":"https:\/\/api.w.org\/{rel}","templated":true}]}}